{"id":23,"date":"2024-02-07T18:05:19","date_gmt":"2024-02-07T17:05:19","guid":{"rendered":"https:\/\/memoriadelaredo.org\/?page_id=23"},"modified":"2025-05-20T12:16:01","modified_gmt":"2025-05-20T10:16:01","slug":"memoria-de-laredo-verdad-reparacion","status":"publish","type":"page","link":"https:\/\/memoriadelaredo.org\/?page_id=23","title":{"rendered":"Qu\u00e9 es la memoria"},"content":{"rendered":"<p>[et_pb_section fb_built=\u00bb1&#8243; admin_label=\u00bbSecci\u00f3n GOOGLE SCHEMA &#8211; NO mover de aqu\u00ed\u00bb _builder_version=\u00bb4.25.2&#8243; _module_preset=\u00bbdefault\u00bb global_colors_info=\u00bb{}\u00bb][et_pb_row _builder_version=\u00bb4.25.2&#8243; _module_preset=\u00bbdefault\u00bb global_colors_info=\u00bb{}\u00bb][et_pb_column type=\u00bb4_4&#8243; _builder_version=\u00bb4.25.2&#8243; _module_preset=\u00bbdefault\u00bb global_colors_info=\u00bb{}\u00bb][et_pb_code admin_label=\u00bbC\u00f3digo GOOGLE SCHEMA\u00bb _builder_version=\u00bb4.25.2&#8243; _module_preset=\u00bbdefault\u00bb global_colors_info=\u00bb{}\u00bb]<script type=\"application\/ld+json\"><!-- [et_pb_line_break_holder] -->{<!-- [et_pb_line_break_holder] -->  \"@context\": \"https:\/\/schema.org\",<!-- [et_pb_line_break_holder] -->  \"@type\": \"Organization\",<!-- [et_pb_line_break_holder] -->  \"name\": \"Memoria de Laredo\",<!-- [et_pb_line_break_holder] -->  \"url\": \"https:\/\/memoriadelaredo.org\",<!-- [et_pb_line_break_holder] -->  \"logo\": \"https:\/\/memoriadelaredo.org\/wp-content\/uploads\/2024\/02\/logo.png\",<!-- [et_pb_line_break_holder] -->  \"description\": \"Reflexi\u00f3n sobre la memoria hist\u00f3rica de Laredo, enfocada en verdad, justicia, reparaci\u00f3n y la defensa de los derechos humanos.\",<!-- [et_pb_line_break_holder] -->  \"contactPoint\": {<!-- [et_pb_line_break_holder] -->    \"@type\": \"ContactPoint\",<!-- [et_pb_line_break_holder] -->    \"email\": \"info@memoriadelaredo.org\",<!-- [et_pb_line_break_holder] -->    \"contactType\": \"General\"<!-- [et_pb_line_break_holder] -->  },<!-- [et_pb_line_break_holder] -->  \"keywords\": [<!-- [et_pb_line_break_holder] -->    \"Memoria hist\u00f3rica Laredo\",<!-- [et_pb_line_break_holder] -->    \"Verdad justicia reparaci\u00f3n Laredo\",<!-- [et_pb_line_break_holder] -->    \"Derechos humanos Guerra Civil\",<!-- [et_pb_line_break_holder] -->    \"Ley de Memoria Cantabria\",<!-- [et_pb_line_break_holder] -->    \"V\u00edctimas Guerra Civil Laredo\"<!-- [et_pb_line_break_holder] -->  ]<!-- [et_pb_line_break_holder] -->}<!-- [et_pb_line_break_holder] --><\/script><!-- [et_pb_line_break_holder] -->[\/et_pb_code][\/et_pb_column][\/et_pb_row][\/et_pb_section][et_pb_section fb_built=\u00bb1&#8243; _builder_version=\u00bb4.24.0&#8243; _module_preset=\u00bbdefault\u00bb background_image=\u00bbhttps:\/\/memoriadelaredo.org\/wp-content\/uploads\/2024\/02\/Captura-de-pantalla-2024-02-07-161951.jpg\u00bb global_colors_info=\u00bb{}\u00bb][et_pb_row _builder_version=\u00bb4.24.0&#8243; _module_preset=\u00bbdefault\u00bb global_colors_info=\u00bb{}\u00bb][et_pb_column type=\u00bb4_4&#8243; _builder_version=\u00bb4.24.0&#8243; _module_preset=\u00bbdefault\u00bb global_colors_info=\u00bb{}\u00bb][et_pb_divider show_divider=\u00bboff\u00bb _builder_version=\u00bb4.24.0&#8243; _module_preset=\u00bbdefault\u00bb height=\u00bb100px\u00bb global_colors_info=\u00bb{}\u00bb][\/et_pb_divider][et_pb_divider show_divider=\u00bboff\u00bb _builder_version=\u00bb4.24.0&#8243; _module_preset=\u00bbdefault\u00bb height=\u00bb100px\u00bb global_colors_info=\u00bb{}\u00bb][\/et_pb_divider][et_pb_text _builder_version=\u00bb4.24.0&#8243; _module_preset=\u00bbdefault\u00bb header_font=\u00bb|700|||||||\u00bb header_text_align=\u00bbcenter\u00bb header_text_color=\u00bb#FFFFFF\u00bb header_font_size=\u00bb40px\u00bb hover_enabled=\u00bb0&#8243; header_font_size_tablet=\u00bb30px\u00bb header_font_size_phone=\u00bb26px\u00bb header_font_size_last_edited=\u00bbon|phone\u00bb header_text_shadow_style=\u00bbpreset2&#8243; global_colors_info=\u00bb{}\u00bb sticky_enabled=\u00bb0&#8243;]<\/p>\n<h1>Qu\u00e9 es la memoria y c\u00f3mo la entendemos<\/h1>\n<p>[\/et_pb_text][et_pb_divider show_divider=\u00bboff\u00bb _builder_version=\u00bb4.24.0&#8243; _module_preset=\u00bbdefault\u00bb height=\u00bb100px\u00bb global_colors_info=\u00bb{}\u00bb][\/et_pb_divider][et_pb_text admin_label=\u00bbCita de la cabecera\u00bb _builder_version=\u00bb4.27.0&#8243; _module_preset=\u00bbdefault\u00bb text_text_color=\u00bb#FFFFFF\u00bb text_font_size=\u00bb16px\u00bb global_colors_info=\u00bb{}\u00bb]<\/p>\n<p>Sin querer ahondar en la discusi\u00f3n te\u00f3rica sobre qu\u00e9 es la memoria hist\u00f3rica y cu\u00e1les son sus l\u00edmites, nos apropiamos de la definici\u00f3n que recoge <a href=\"https:\/\/dialnet.unirioja.es\/servlet\/autor?codigo=169884\" target=\"_blank\" rel=\"noopener\"><strong>J. Ignacio Lacasta<\/strong> <\/a>para entender a qu\u00e9 nos referimos:<\/p>\n<blockquote>\n<p>\u201chay una serie de rasgos que caracterizan lo que se suele denominar bajo el concepto m\u00e1s reciente de memoria hist\u00f3rica: a) que nace en una pugna o lucha por la realizaci\u00f3n<br \/>de los derechos humanos y la dignidad de las v\u00edctimas, b) hace visible lo que antes era invisible\u2026 que la historia universitaria y los medios de comunicaci\u00f3n no supieron o no<br \/>quisieron dar respuesta adecuada desde la perspectiva de los citados derechos de las v\u00edctimas\u201d.<\/p>\n<\/blockquote>\n<p>[\/et_pb_text][\/et_pb_column][\/et_pb_row][\/et_pb_section][et_pb_section fb_built=\u00bb1&#8243; _builder_version=\u00bb4.24.0&#8243; _module_preset=\u00bbdefault\u00bb locked=\u00bboff\u00bb global_colors_info=\u00bb{}\u00bb][et_pb_row admin_label=\u00bbFila El entorno de los derechos humanos\u00bb _builder_version=\u00bb4.24.0&#8243; _module_preset=\u00bbdefault\u00bb global_colors_info=\u00bb{}\u00bb][et_pb_column type=\u00bb4_4&#8243; _builder_version=\u00bb4.24.0&#8243; _module_preset=\u00bbdefault\u00bb global_colors_info=\u00bb{}\u00bb][et_pb_text admin_label=\u00bbEnlace a la recopilaci\u00f3n legislativa del ministerio\u00bb _builder_version=\u00bb4.25.2&#8243; _module_preset=\u00bbdefault\u00bb text_font=\u00bb||||||||\u00bb text_text_color=\u00bb#000000&#8243; text_font_size=\u00bb15px\u00bb header_font=\u00bb|700|||||||\u00bb header_text_color=\u00bb#000000&#8243; hover_enabled=\u00bb0&#8243; text_text_shadow_style=\u00bbpreset2&#8243; header_text_shadow_style=\u00bbpreset2&#8243; global_colors_info=\u00bb{}\u00bb sticky_enabled=\u00bb0&#8243;]<\/p>\n<h1>La legalidad<\/h1>\n<p><img loading=\"lazy\" decoding=\"async\" class=\"size-medium alignnone\" src=\"https:\/\/www.mpr.gob.es\/Theme\/RMPR\/img\/yellow\/logo-header.svg\" alt=\"\" width=\"0\" height=\"0\" \/><img loading=\"lazy\" decoding=\"async\" class=\"size-medium alignnone\" src=\"https:\/\/www.mpr.gob.es\/Theme\/RMPR\/img\/yellow\/logo-header.svg\" alt=\"\" width=\"0\" height=\"0\" \/><img loading=\"lazy\" decoding=\"async\" class=\"size-medium alignnone\" src=\"https:\/\/www.mpr.gob.es\/Theme\/RMPR\/img\/yellow\/logo-header.svg\" alt=\"\" width=\"0\" height=\"0\" \/>Recopilaci\u00f3n del Ministerio de la actualidad y las normas relacionadas con la <a href=\"https:\/\/mpt.gob.es\/memoria-democratica.html\" target=\"_blank\" rel=\"noopener\">Memoria Democr\u00e1tica<\/a><\/p>\n<h2>La Ley de Cantabria<\/h2>\n<p><a href=\"https:\/\/mpt.gob.es\/prensa\/actualidad\/noticias\/2025\/Febrero\/20250211.html\" target=\"_blank\" rel=\"noopener\">El Gobierno recurre la derogaci\u00f3n de la Ley de Memoria Hist\u00f3rica y Democr\u00e1tica de Cantabria<\/a>. Febrero 2025.<\/p>\n<p><a href=\"https:\/\/parlamento-cantabria.es\/publicaciones\/noticias\/el-parlamento-aprueba-la-derogaci%C3%B3n-de-la-ley-de-memoria-hist%C3%B3rica-de\" target=\"_blank\" rel=\"noopener\">El Parlamento aprueba la derogaci\u00f3n de la ley de Memoria Hist\u00f3rica de Cantabria | Parlamento de Cantabria. <\/a>Lunes, 04 de Noviembre de 2024<\/p>\n<p><a href=\"https:\/\/www.boe.es\/eli\/es-cb\/l\/2021\/11\/17\/8\" target=\"_blank\" rel=\"noopener\">Ley 8\/2021<\/a>, de 17 de noviembre, de Memoria Hist\u00f3rica y Democr\u00e1tica de Cantabria.<\/p>\n<div id=\"attachment_473\" style=\"width: 970px\" class=\"wp-caption aligncenter\"><img loading=\"lazy\" decoding=\"async\" aria-describedby=\"caption-attachment-473\" class=\"wp-image-473 size-full\" src=\"https:\/\/memoriadelaredo.org\/wp-content\/uploads\/2024\/09\/Rueda_prensa_sep_24.jpg\" alt=\"\" width=\"960\" height=\"720\" \/><p id=\"caption-attachment-473\" class=\"wp-caption-text\">Rueda de prensa de la Plataforma Memoria y Democracia<\/p><\/div>\n<p>El d\u00eda 7 de agosto de 2024, en declaraciones a un medio de comunicaci\u00f3n, la presidenta del Gobierno de Cantabria confirma que su equipo sigue adelante en el empe\u00f1o de derogar la vigente Ley de <a href=\"https:\/\/memoriaydemocraciadecantabria.org\/ante-la-insistencia-del-gobierno-cantabro-en-derogar-la-ley-de-memoria-historica-regional\/\" target=\"_blank\" rel=\"noopener\">Memoria Democr\u00e1tica<\/a> regional.<\/p>\n<p>&nbsp;<\/p>\n<p style=\"text-align: left;\">En Septiembre 2024 comienza el <a href=\"https:\/\/www.eldiario.es\/cantabria\/plataforma-memoria-democracia-cantabria-convoca-nuevas-protestas-derogacion-ley-autonomica_1_11652560.html\" target=\"_blank\" rel=\"noopener\">tr\u00e1mite parlamentario:\u00a0<\/a><\/p>\n<p style=\"text-align: left;\"><a href=\"https:\/\/memoriadelaredo.org\/wp-content\/uploads\/2024\/09\/Comunicado_Plataforma.pdf\" target=\"_blank\" rel=\"noopener\">Comunicado<\/a> de la Plataforma Memoria y Democracia<\/p>\n<p>[\/et_pb_text][et_pb_divider show_divider=\u00bboff\u00bb _builder_version=\u00bb4.24.0&#8243; _module_preset=\u00bbdefault\u00bb height=\u00bb100px\u00bb global_colors_info=\u00bb{}\u00bb][\/et_pb_divider][et_pb_text admin_label=\u00bbIntroducci\u00f3n: texto de la web del ministerio\u00bb _builder_version=\u00bb4.27.0&#8243; _module_preset=\u00bbdefault\u00bb header_2_text_color=\u00bb#000000&#8243; header_2_text_shadow_style=\u00bbpreset2&#8243; global_colors_info=\u00bb{}\u00bb]<\/p>\n<h1>Verdad, justicia y reparaci\u00f3n<\/h1>\n<p>La Constituci\u00f3n Espa\u00f1ola de 1978 se fundament\u00f3 en un amplio compromiso social y pol\u00edtico para la superaci\u00f3n de las graves y profundas heridas que hab\u00eda sufrido la sociedad espa\u00f1ola durante la Guerra Civil y los cuarenta a\u00f1os de Dictadura del General Franco. De esta manera, la recuperaci\u00f3n de las libertades y del Estado de Derecho asum\u00eda el legado democr\u00e1tico que varias generaciones de espa\u00f1oles hab\u00edan forjado con el objetivo com\u00fan de alcanzar y garantizar la convivencia democr\u00e1tica, dentro del respeto al pluralismo de la sociedad espa\u00f1ola, y conseguir un orden econ\u00f3mico y social m\u00e1s justo.<\/p>\n<p>Desde entonces, m\u00faltiples iniciativas pol\u00edticas, legales, sociales y culturales han venido a reparar y resta\u00f1ar esas brechas para evitar la divisi\u00f3n entre los ciudadanos y fomentar la cohesi\u00f3n y solidaridad entre las diversas generaciones de espa\u00f1oles en torno a los valores superiores de nuestro ordenamiento jur\u00eddico, los principios constitucionales y los derechos y libertades fundamentales.<\/p>\n<p><a href=\"https:\/\/www.mpr.gob.es\/memoriademocratica\/Paginas\/index.aspx\" target=\"_blank\" rel=\"noopener\">Seguir leyendo&#8230;<\/a><\/p>\n<p>[\/et_pb_text][\/et_pb_column][\/et_pb_row][et_pb_row admin_label=\u00bbFila ESTATUTOS\u00bb _builder_version=\u00bb4.24.0&#8243; _module_preset=\u00bbdefault\u00bb global_colors_info=\u00bb{}\u00bb][et_pb_column type=\u00bb4_4&#8243; _builder_version=\u00bb4.24.0&#8243; _module_preset=\u00bbdefault\u00bb global_colors_info=\u00bb{}\u00bb][et_pb_text admin_label=\u00bbTitulo %22Memoria democr\u00e1tica: verdad, justicia, reparaci\u00f3n y garant\u00eda de no repetici\u00f3n%22 &#8211; H1&#8243; _builder_version=\u00bb4.24.0&#8243; _module_preset=\u00bbdefault\u00bb text_font=\u00bb|700|||||||\u00bb text_text_color=\u00bb#000000&#8243; text_font_size=\u00bb22px\u00bb header_font=\u00bb|700|||||||\u00bb header_text_color=\u00bb#000000&#8243; text_text_shadow_style=\u00bbpreset2&#8243; header_text_shadow_style=\u00bbpreset2&#8243; global_colors_info=\u00bb{}\u00bb]<\/p>\n<h1>Memoria democr\u00e1tica: verdad, justicia, reparaci\u00f3n y garant\u00eda de no repetici\u00f3n.<\/h1>\n<p>[\/et_pb_text][et_pb_blurb url=\u00bbhttps:\/\/www.ohchr.org\/es\/special-procedures\/sr-truth-justice-reparation-and-non-recurrence\u00bb url_new_window=\u00bbon\u00bb image=\u00bbhttps:\/\/www.ohchr.org\/themes\/custom\/ohchr\/logo-es.svg\u00bb admin_label=\u00bbRelator Especial sobre la verdad, la justicia y la reparaci\u00f3n\u00bb _builder_version=\u00bb4.24.0&#8243; _module_preset=\u00bbdefault\u00bb link_option_url=\u00bbhttps:\/\/www.ohchr.org\/es\/special-procedures\/sr-truth-justice-reparation-and-non-recurrence\u00bb link_option_url_new_window=\u00bbon\u00bb global_colors_info=\u00bb{}\u00bb][\/et_pb_blurb][\/et_pb_column][\/et_pb_row][et_pb_row admin_label=\u00bbFila Acto de constituci\u00f3n\u00bb _builder_version=\u00bb4.24.0&#8243; _module_preset=\u00bbdefault\u00bb global_colors_info=\u00bb{}\u00bb][et_pb_column type=\u00bb4_4&#8243; _builder_version=\u00bb4.24.0&#8243; _module_preset=\u00bbdefault\u00bb global_colors_info=\u00bb{}\u00bb][et_pb_text admin_label=\u00bbTitulo %22No estamos solos%22 &#8211; H1&#8243; _builder_version=\u00bb4.24.0&#8243; _module_preset=\u00bbdefault\u00bb text_font=\u00bb|700|||||||\u00bb text_text_color=\u00bb#000000&#8243; text_font_size=\u00bb22px\u00bb header_font=\u00bb|700|||||||\u00bb header_text_color=\u00bb#000000&#8243; text_text_shadow_style=\u00bbpreset2&#8243; header_text_shadow_style=\u00bbpreset2&#8243; global_colors_info=\u00bb{}\u00bb]<\/p>\n<h1>No estamos solos.<\/h1>\n<p>[\/et_pb_text][et_pb_blurb url=\u00bbhttps:\/\/memoriaydemocraciadecantabria.org\/\u00bb url_new_window=\u00bbon\u00bb image=\u00bbhttps:\/\/memoriaydemocraciadecantabria.org\/wp-content\/uploads\/2023\/10\/Mdcantabria2.jpg\u00bb admin_label=\u00bbA la plataforma memoria democr\u00e1tica de Cantabria\u00bb _builder_version=\u00bb4.24.0&#8243; _module_preset=\u00bbdefault\u00bb link_option_url=\u00bbhttps:\/\/memoriaydemocraciadecantabria.org\/\u00bb link_option_url_new_window=\u00bbon\u00bb global_colors_info=\u00bb{}\u00bb][\/et_pb_blurb][\/et_pb_column][\/et_pb_row][\/et_pb_section]<\/p>\n","protected":false},"excerpt":{"rendered":"<p>Una reflexi\u00f3n sobre la memoria hist\u00f3rica, los derechos humanos y el reconocimiento de las v\u00edctimas de la Guerra Civil y la represi\u00f3n en Laredo, Cantabria.<\/p>\n","protected":false},"author":3,"featured_media":26,"parent":0,"menu_order":0,"comment_status":"closed","ping_status":"closed","template":"","meta":{"_et_pb_use_builder":"on","_et_pb_old_content":"","_et_gb_content_width":"","om_disable_all_campaigns":false,"_monsterinsights_skip_tracking":false,"_monsterinsights_sitenote_active":false,"_monsterinsights_sitenote_note":"","_monsterinsights_sitenote_category":0,"footnotes":""},"class_list":["post-23","page","type-page","status-publish","has-post-thumbnail","hentry"],"aioseo_notices":[],"_links":{"self":[{"href":"https:\/\/memoriadelaredo.org\/index.php?rest_route=\/wp\/v2\/pages\/23","targetHints":{"allow":["GET"]}}],"collection":[{"href":"https:\/\/memoriadelaredo.org\/index.php?rest_route=\/wp\/v2\/pages"}],"about":[{"href":"https:\/\/memoriadelaredo.org\/index.php?rest_route=\/wp\/v2\/types\/page"}],"author":[{"embeddable":true,"href":"https:\/\/memoriadelaredo.org\/index.php?rest_route=\/wp\/v2\/users\/3"}],"replies":[{"embeddable":true,"href":"https:\/\/memoriadelaredo.org\/index.php?rest_route=%2Fwp%2Fv2%2Fcomments&post=23"}],"version-history":[{"count":6,"href":"https:\/\/memoriadelaredo.org\/index.php?rest_route=\/wp\/v2\/pages\/23\/revisions"}],"predecessor-version":[{"id":976,"href":"https:\/\/memoriadelaredo.org\/index.php?rest_route=\/wp\/v2\/pages\/23\/revisions\/976"}],"wp:featuredmedia":[{"embeddable":true,"href":"https:\/\/memoriadelaredo.org\/index.php?rest_route=\/wp\/v2\/media\/26"}],"wp:attachment":[{"href":"https:\/\/memoriadelaredo.org\/index.php?rest_route=%2Fwp%2Fv2%2Fmedia&parent=23"}],"curies":[{"name":"wp","href":"https:\/\/api.w.org\/{rel}","templated":true}]}}